{"id":3263,"date":"2022-06-29T11:19:18","date_gmt":"2022-06-29T11:19:18","guid":{"rendered":"https:\/\/datagovernance.tech\/data-privacy-statement\/"},"modified":"2022-11-01T13:10:06","modified_gmt":"2022-11-01T13:10:06","slug":"data-privacy-statement","status":"publish","type":"page","link":"https:\/\/datagovernance.tech\/en\/data-privacy-statement\/","title":{"rendered":"data privacy statement"},"content":{"rendered":"<section class=\"l-section wpb_row height_small\"><div class=\"l-section-h i-cf\"><div class=\"g-cols vc_row via_flex valign_top type_default stacking_default\"><div class=\"vc_col-sm-12 wpb_column vc_column_container\"><div class=\"vc_column-inner\"><div class=\"wpb_wrapper\"><div class=\"wpb_text_column\"><div class=\"wpb_wrapper\"><h1>data privacy statement<\/h1>\n<\/div><\/div><\/div><\/div><\/div><\/div><\/div><\/section><section class=\"l-section wpb_row us_custom_887a049b height_medium\"><div class=\"l-section-h i-cf\"><div class=\"g-cols vc_row via_flex valign_top type_default stacking_default\"><div class=\"vc_col-sm-12 wpb_column vc_column_container\"><div class=\"vc_column-inner\"><div class=\"wpb_wrapper\"><div class=\"g-cols wpb_row via_flex valign_top type_default stacking_default\"><div class=\"vc_col-sm-12 wpb_column vc_column_container\"><div class=\"vc_column-inner\"><div class=\"wpb_wrapper\"><div class=\"wpb_text_column\"><div class=\"wpb_wrapper\"><h3>PRIVACY AT A GLANCE<\/h3>\n<h4>General information<\/h4>\n<p>The following notes provide a simple overview of what happens to your personal data when you visit our website. Personal data is all data with which you can be personally identified. Detailed information on the subject of data protection can be found in our data protection declaration listed under this text.<\/p>\n<h4>Data collection on our website<br \/>\nWho is responsible for data collection on this website?<\/h4>\n<p>The data processing on this website is carried out by the website operator. You can find their contact details in the imprint of this website<\/p>\n<h4>How do we collect your data?<\/h4>\n<p>On the one hand, your data is collected when you communicate it to us. This can, for example, be data that you enter in a contact form.<br \/>\nOther data is automatically recorded by our IT systems when you visit the website. This is primarily technical data (e.g. internet browser, operating system or time of the page view). This data is collected automatically as soon as you enter our website.<\/p>\n<h4>What do we use your data for?<\/h4>\n<p>Part of the data is collected to ensure that the website is provided without errors. Other data can be used to analyze your user behavior.<br \/>\nWhat rights do you have regarding your data?<br \/>\nYou have the right to receive information about the origin, recipient and purpose of your stored personal data free of charge at any time. You also have the right to request the correction, blocking or deletion of this data. You can contact us at any time at the address given in the imprint if you have any further questions on the subject of data protection. You also have the right to lodge a complaint with the competent supervisory authority.<br \/>\nYou also have the right, under certain circumstances, to request that the processing of your personal data be restricted. Details can be found in the data protection declaration under &#8220;Right to restriction of processing&#8221;.<\/p>\n<h4>Analysis tools and third-party tools<\/h4>\n<p>When you visit our website, your surfing behavior can be statistically evaluated. This is mainly done with cookies and so-called analysis programs. The analysis of your surfing behavior is usually anonymous; surfing behavior cannot be traced back to you. You can object to this analysis or prevent it by not using certain tools. You will find detailed information on this in the following data protection declaration.<br \/>\nYou can object to this analysis. We will inform you about the possibilities of objection in this data protection declaration.<\/p>\n<h3>2. GENERAL INFORMATION AND MANDATORY INFORMATION<\/h3>\n<h4>privacy<\/h4>\n<p>The operators of these pages take the protection of your personal data very seriously. We treat your personal data confidentially and in accordance with the statutory data protection regulations and this data protection declaration.<br \/>\nIf you use this website, various personal data will be collected. Personal data is data with which you can be personally identified. Die vorliegende Datenschutzerkl\u00e4rung erl\u00e4utert, welche Daten wir erheben und wof\u00fcr wir sie nutzen. It also explains how and for what purpose this happens.<br \/>\nWe would like to point out that data transmission on the Internet (e.g. when communicating by e-mail) can have security gaps. A complete protection of the data against access by third parties is not possible.<\/p>\n<h4>Note on the responsible body<\/h4>\n<p>The responsible body for data processing on this website is:<br \/>\nDataGovernance Technologies Ltd<br \/>\nTel.: +41 43 322 49 00<br \/>\nE-Mail: info@datagovernance.tech<br \/>\nThe responsible body is the natural or legal person who, alone or together with others, decides on the purposes and means of processing personal data (e.g. names, e-mail addresses, etc.).<\/p>\n<h4>Revocation of your consent to data processing<\/h4>\n<p>Many data processing operations are only possible with your express consent. You can revoke consent that you have already given at any time. An informal message by e-mail to us is sufficient. The legality of the data processing that took place up until the revocation remains unaffected by the revocation.<\/p>\n<h4>Right to object to data collection in special cases and to direct advertising (Art. 21 GDPR)<\/h4>\n<p>If data processing is based on Art. 6 para. 1 lit. e or f GDPR, you have the right at any time to object to the processing of your personal data for reasons that arise from your particular situation; this also applies to profiling based on these provisions. The respective legal basis on which processing is based can be found in this data protection declaration. If you object, we will no longer process your affected personal data unless we can demonstrate compelling legitimate grounds for processing that outweigh your interests, rights and freedoms or the processing serves to assert, exercise or defend legal claims ( Objection according to Art. 21 Para. 1 GDPR).<br \/>\nIf your personal data is processed in order to operate direct advertising, you have the right to object at any time to the processing of your personal data for the purpose of such advertising; this also applies to profiling insofar as it is associated with such direct advertising. If you object, your personal data will then no longer be used for direct advertising purposes (objection according to Art. 21 Para. 2 GDPR).<\/p>\n<h4>Right of appeal to the competent supervisory authority<\/h4>\n<p>In the event of violations of the GDPR, those affected have the right to lodge a complaint with a supervisory authority, in particular in the Member State of their habitual residence, their place of work or the place of the alleged violation. The right to lodge a complaint is without prejudice to any other administrative or judicial remedy.<\/p>\n<h4>Right to data portability<\/h4>\n<p>You have the right to have data that we process automatically on the basis of your consent or in fulfillment of a contract handed over to you or to a third party in a common, machine-readable format. If you request the direct transfer of the data to another person responsible, this will only be done to the extent that it is technically feasible.<\/p>\n<h4>SSL or TLS encryption<\/h4>\n<p>For security reasons and to protect the transmission of confidential content, such as orders or inquiries that you send to us as the site operator, this site uses an SSL or TLS encryption You can recognize an encrypted connection by the fact that the address line of the browser changes from &#8220;http:\/\/&#8221; to &#8220;https:\/\/&#8221; and by the lock symbol in your browser line.<br \/>\nIf SSL or TLS encryption is activated, the data that you transmit to us cannot be read by third parties.<\/p>\n<h4>Information, blocking, deletion and correction<\/h4>\n<p>Within the framework of the applicable legal provisions, you have the right to free information about your stored personal data, its origin and recipient and the purpose of the data processing and, if necessary, a right to correction, blocking or deletion of this data at any time. You can contact us at any time at the address given in the imprint if you have any further questions on the subject of personal data.<\/p>\n<h4>Right to restriction of processing<\/h4>\n<p>You have the right to request the restriction of the processing of your personal data. You can contact us at any time at the address given in the imprint. Das Recht auf Einschr\u00e4nkung der Verarbeitung besteht in folgenden F\u00e4llen:<\/p>\n<ul>\n<li>If you dispute the accuracy of your personal data stored by us, we usually need time to check this. For the duration of the examination, you have the right to request that the processing of your personal data be restricted.<\/li>\n<li>If your personal data was\/is being processed unlawfully, you can request that data processing be restricted instead of being deleted.<\/li>\n<li>If we no longer need your personal data, but you need it to exercise, defend or assert legal claims, you have the right to demand that the processing of your personal data be restricted instead of being deleted.<\/li>\n<li>If you object according to Art. 21 para. 1 GDPR, a balance must be made between your interests and ours. As long as it has not yet been determined whose interests prevail, you have the right to demand that the processing of your personal data be restricted.<\/li>\n<\/ul>\n<p>If you have restricted the processing of your personal data, this data &#8211; apart from its storage &#8211; may only be used with your consent or to assert, exercise or defend legal claims or to protect the rights of another natural or legal person or for reasons of important public interest of the European Union or a Member State are processed.<\/p>\n<h3>3. DATA PRIVACY OFFICER<\/h3>\n<h4>Legally required data protection officer<\/h4>\n<p>We have appointed a data protection officer for our company.<\/p>\n<p>DataGovernance Technologies Ltd<br \/>\nHauptstrasse 24<br \/>\nCH-8832 Wollerau<br \/>\nTel.: +41 43 322 49 00<br \/>\nE-Mail: info@datagovernance.tech<\/p>\n<h3>4. DATA COLLECTION ON OUR WEBSITE<\/h3>\n<h4>Cookies<\/h4>\n<p>Some of the websites use so-called cookies. Cookies do not damage your computer and do not contain viruses. Cookies serve to make our offer more user-friendly, effective and secure. Cookies are small text files that are stored on your computer and saved by your browser.<br \/>\nMost of the cookies we use are so-called \u201csession cookies\u201d. They are automatically deleted after your visit. Other cookies remain stored on your end device until you delete them. These cookies enable us to recognize your browser on your next visit.<br \/>\nYou can set your browser so that you are informed about the setting of cookies and only allow cookies in individual cases, exclude the acceptance of cookies for certain cases or in general and activate the automatic deletion of cookies when the browser is closed. If cookies are deactivated, the functionality of this website may be restricted<br \/>\nCookies, which are required to carry out the electronic communication process or to provide certain functions you want (e.g. shopping cart function), are set on the basis of Art. 6 Para. 1 lit. f GDPR saved. The website operator has a legitimate interest in the storage of cookies for the technically error-free and optimized provision of its services.. Insofar as other cookies (e.g. cookies for analyzing your surfing behaviour) are stored, these are treated separately in this data protection declaration.<\/p>\n<h4>Server log files<\/h4>\n<p>The provider of the pages automatically collects and stores information in so-called server log files, which your browser automatically transmits to us. these are:<\/p>\n<p>\u2022 Browser type and browser version<br \/>\n\u2022 operating system used<br \/>\n\u2022 Referrer URL<br \/>\n\u2022 Hostname of the accessing computer<br \/>\n\u2022 Time of server request<br \/>\n\u2022 IP-address<\/p>\n<p>This data is not merged with other data sources.<br \/>\nThis data is collected on the basis of Art. 6 para. 1 lit. f DSGVO. This data is collected on the basis of Art. 6 para.<\/p>\n<h3>5. ANALYSIS TOOLS AND ADVERTISING<\/h3>\n<h4>Google Analytics<\/h4>\n<p>This website uses functions of the web analysis service Google Analytics. The provider is Google Inc., 1600 Amphitheater Parkway, Mountain View, CA 94043, USA.<br \/>\nGoogle Analytics uses so-called &#8220;cookies&#8221;. These are text files that are stored on your computer and that enable an analysis of your use of the website. The information generated by the cookie about your use of this website is usually transmitted to a Google server in the USA and stored there.<br \/>\nThe storage of Google Analytics cookies and the use of this analysis tool are based on Art. 6 Para. 1 lit. f DSGVO. The website operator has a legitimate interest in analyzing user behavior in order to optimize both its website and its advertising.<\/p>\n<h4>IP anonymization<\/h4>\n<p>We have activated the IP anonymization function on this website. As a result, your IP address will be shortened by Google within member states of the European Union or in other contracting states of the Agreement on the European Economic Area before it is transmitted to the USA. Only in exceptional cases will the full IP address be sent to a Google server in the USA and shortened there. On behalf of the operator of this website, Google will use this information to evaluate your use of the website, to compile reports on website activity and to provide other services related to website activity and internet usage to the website operator. The IP address transmitted by your browser as part of Google Analytics will not be merged with other Google data.<\/p>\n<h4>Browser Plugin<\/h4>\n<p>You can prevent the storage of cookies by setting your browser software accordingly; we would like to point out to you however that in this case you will if applicable not be able to use all functions of this website in full. You can also prevent Google from collecting the data generated by the cookie and related to your use of the website (including your IP address) and from processing this data by Google by downloading the browser plug-in available under the following link and install: <a href=\"https:\/\/tools.google.com\/dlpage\/gaoptout?hl=de\" target=\"_blank\" rel=\"noopener\">tools.google.com\/dlpage\/gaoptout.<\/a><\/p>\n<h4>Objection against data collection<\/h4>\n<p>You can prevent Google Analytics from collecting your data by clicking on the following link. An opt-out cookie will be set to prevent your data from being collected on future visits to this website: Disable Google Analytics.<br \/>\nYou can find more information on how Google Analytics handles user data in Google&#8217;s data protection declaration: <a href=\"https:\/\/support.google.com\/analytics\/answer\/6004245?hl=de\" target=\"_blank\" rel=\"noopener\">support.google.com\/analytics\/answer\/6004245.<\/a><\/p>\n<h4>order processing<\/h4>\n<p>We have concluded an order processing contract with Google and fully implement the strict requirements of the German data protection authorities when using Google Analytics.<\/p>\n<h3>6. PLUGINS and TOOLS<\/h3>\n<h4>Google Web Fonts<\/h4>\n<p>This site uses so-called web fonts provided by Google for the uniform display of fonts. Beim Aufruf einer Seite l\u00e4dt Ihr Browser die ben\u00f6tigten Web Fonts in ihren Browsercache, um Texte und Schriftarten korrekt anzuzeigen.<br \/>\nWhen you call up a page, your browser loads the required web fonts into your browser cache in order to display text and fonts correctly. This gives Google knowledge that our website was accessed via your IP address. Google Web Fonts are used in the interest of a uniform and appealing presentation of our online offering. This represents a legitimate interest within the meaning of Art. 6 para. 1 lit. f DSGVO dar.<br \/>\nIf your browser does not support web fonts, a standard font will be used by your computer.<br \/>\nYou can find more information about Google Web Fonts at <a href=\"https:\/\/developers.google.com\/fonts\/faq\" target=\"_blank\" rel=\"noopener\">developers.google.com\/fonts\/faq<\/a> and in Google&#8217;s data protection declaration: <a href=\"https:\/\/policies.google.com\/privacy?hl=de\" target=\"_blank\" rel=\"noopener\">policies.google.com\/privacy<\/a>.<\/p>\n<\/div><\/div><\/div><\/div><\/div><\/div><\/div><\/div><\/div><\/div><\/div><\/section>\n","protected":false},"excerpt":{"rendered":"data privacy statement PRIVACY AT A GLANCE General information The following notes provide a simple overview of what happens to your personal data when you visit our website. Personal data is all data with which you can be personally identified. Detailed information on the subject of data protection can be found in our data protection...","protected":false},"author":1,"featured_media":0,"parent":0,"menu_order":0,"comment_status":"closed","ping_status":"closed","template":"","meta":{"_acf_changed":false,"footnotes":""},"class_list":["post-3263","page","type-page","status-publish","hentry"],"acf":[],"yoast_head":"<!-- This site is optimized with the Yoast SEO plugin v27.3 - https:\/\/yoast.com\/product\/yoast-seo-wordpress\/ -->\n<title>data privacy statement | DataGovernance Technologies Ltd<\/title>\n<meta name=\"robots\" content=\"index, follow, max-snippet:-1, max-image-preview:large, max-video-preview:-1\" \/>\n<link rel=\"canonical\" href=\"https:\/\/datagovernance.tech\/en\/data-privacy-statement\/\" \/>\n<meta property=\"og:locale\" content=\"en_US\" \/>\n<meta property=\"og:type\" content=\"article\" \/>\n<meta property=\"og:title\" content=\"data privacy statement | DataGovernance Technologies Ltd\" \/>\n<meta property=\"og:url\" content=\"https:\/\/datagovernance.tech\/en\/data-privacy-statement\/\" \/>\n<meta property=\"og:site_name\" content=\"DataGovernance Technologies Ltd\" \/>\n<meta property=\"article:modified_time\" content=\"2022-11-01T13:10:06+00:00\" \/>\n<meta name=\"twitter:card\" content=\"summary_large_image\" \/>\n<meta name=\"twitter:label1\" content=\"Est. reading time\" \/>\n\t<meta name=\"twitter:data1\" content=\"12 minutes\" \/>\n<script type=\"application\/ld+json\" class=\"yoast-schema-graph\">{\"@context\":\"https:\\\/\\\/schema.org\",\"@graph\":[{\"@type\":\"WebPage\",\"@id\":\"https:\\\/\\\/datagovernance.tech\\\/en\\\/data-privacy-statement\\\/\",\"url\":\"https:\\\/\\\/datagovernance.tech\\\/en\\\/data-privacy-statement\\\/\",\"name\":\"data privacy statement | DataGovernance Technologies Ltd\",\"isPartOf\":{\"@id\":\"https:\\\/\\\/datagovernance.tech\\\/#website\"},\"datePublished\":\"2022-06-29T11:19:18+00:00\",\"dateModified\":\"2022-11-01T13:10:06+00:00\",\"breadcrumb\":{\"@id\":\"https:\\\/\\\/datagovernance.tech\\\/en\\\/data-privacy-statement\\\/#breadcrumb\"},\"inLanguage\":\"en-US\",\"potentialAction\":[{\"@type\":\"ReadAction\",\"target\":[\"https:\\\/\\\/datagovernance.tech\\\/en\\\/data-privacy-statement\\\/\"]}]},{\"@type\":\"BreadcrumbList\",\"@id\":\"https:\\\/\\\/datagovernance.tech\\\/en\\\/data-privacy-statement\\\/#breadcrumb\",\"itemListElement\":[{\"@type\":\"ListItem\",\"position\":1,\"name\":\"Startseite\",\"item\":\"https:\\\/\\\/datagovernance.tech\\\/en\\\/\"},{\"@type\":\"ListItem\",\"position\":2,\"name\":\"data privacy statement\"}]},{\"@type\":\"WebSite\",\"@id\":\"https:\\\/\\\/datagovernance.tech\\\/#website\",\"url\":\"https:\\\/\\\/datagovernance.tech\\\/\",\"name\":\"DataGovernance Technologies Ltd\",\"description\":\"\",\"publisher\":{\"@id\":\"https:\\\/\\\/datagovernance.tech\\\/#organization\"},\"potentialAction\":[{\"@type\":\"SearchAction\",\"target\":{\"@type\":\"EntryPoint\",\"urlTemplate\":\"https:\\\/\\\/datagovernance.tech\\\/?s={search_term_string}\"},\"query-input\":{\"@type\":\"PropertyValueSpecification\",\"valueRequired\":true,\"valueName\":\"search_term_string\"}}],\"inLanguage\":\"en-US\"},{\"@type\":\"Organization\",\"@id\":\"https:\\\/\\\/datagovernance.tech\\\/#organization\",\"name\":\"DataGovernance Technologies Ltd\",\"url\":\"https:\\\/\\\/datagovernance.tech\\\/\",\"logo\":{\"@type\":\"ImageObject\",\"inLanguage\":\"en-US\",\"@id\":\"https:\\\/\\\/datagovernance.tech\\\/#\\\/schema\\\/logo\\\/image\\\/\",\"url\":\"https:\\\/\\\/datagovernance.tech\\\/wp-content\\\/uploads\\\/2022\\\/05\\\/220607_Data-Governance-Logo.svg\",\"contentUrl\":\"https:\\\/\\\/datagovernance.tech\\\/wp-content\\\/uploads\\\/2022\\\/05\\\/220607_Data-Governance-Logo.svg\",\"width\":505,\"height\":108,\"caption\":\"DataGovernance Technologies Ltd\"},\"image\":{\"@id\":\"https:\\\/\\\/datagovernance.tech\\\/#\\\/schema\\\/logo\\\/image\\\/\"}}]}<\/script>\n<!-- \/ Yoast SEO plugin. -->","yoast_head_json":{"title":"data privacy statement | DataGovernance Technologies Ltd","robots":{"index":"index","follow":"follow","max-snippet":"max-snippet:-1","max-image-preview":"max-image-preview:large","max-video-preview":"max-video-preview:-1"},"canonical":"https:\/\/datagovernance.tech\/en\/data-privacy-statement\/","og_locale":"en_US","og_type":"article","og_title":"data privacy statement | DataGovernance Technologies Ltd","og_url":"https:\/\/datagovernance.tech\/en\/data-privacy-statement\/","og_site_name":"DataGovernance Technologies Ltd","article_modified_time":"2022-11-01T13:10:06+00:00","twitter_card":"summary_large_image","twitter_misc":{"Est. reading time":"12 minutes"},"schema":{"@context":"https:\/\/schema.org","@graph":[{"@type":"WebPage","@id":"https:\/\/datagovernance.tech\/en\/data-privacy-statement\/","url":"https:\/\/datagovernance.tech\/en\/data-privacy-statement\/","name":"data privacy statement | DataGovernance Technologies Ltd","isPartOf":{"@id":"https:\/\/datagovernance.tech\/#website"},"datePublished":"2022-06-29T11:19:18+00:00","dateModified":"2022-11-01T13:10:06+00:00","breadcrumb":{"@id":"https:\/\/datagovernance.tech\/en\/data-privacy-statement\/#breadcrumb"},"inLanguage":"en-US","potentialAction":[{"@type":"ReadAction","target":["https:\/\/datagovernance.tech\/en\/data-privacy-statement\/"]}]},{"@type":"BreadcrumbList","@id":"https:\/\/datagovernance.tech\/en\/data-privacy-statement\/#breadcrumb","itemListElement":[{"@type":"ListItem","position":1,"name":"Startseite","item":"https:\/\/datagovernance.tech\/en\/"},{"@type":"ListItem","position":2,"name":"data privacy statement"}]},{"@type":"WebSite","@id":"https:\/\/datagovernance.tech\/#website","url":"https:\/\/datagovernance.tech\/","name":"DataGovernance Technologies Ltd","description":"","publisher":{"@id":"https:\/\/datagovernance.tech\/#organization"},"potentialAction":[{"@type":"SearchAction","target":{"@type":"EntryPoint","urlTemplate":"https:\/\/datagovernance.tech\/?s={search_term_string}"},"query-input":{"@type":"PropertyValueSpecification","valueRequired":true,"valueName":"search_term_string"}}],"inLanguage":"en-US"},{"@type":"Organization","@id":"https:\/\/datagovernance.tech\/#organization","name":"DataGovernance Technologies Ltd","url":"https:\/\/datagovernance.tech\/","logo":{"@type":"ImageObject","inLanguage":"en-US","@id":"https:\/\/datagovernance.tech\/#\/schema\/logo\/image\/","url":"https:\/\/datagovernance.tech\/wp-content\/uploads\/2022\/05\/220607_Data-Governance-Logo.svg","contentUrl":"https:\/\/datagovernance.tech\/wp-content\/uploads\/2022\/05\/220607_Data-Governance-Logo.svg","width":505,"height":108,"caption":"DataGovernance Technologies Ltd"},"image":{"@id":"https:\/\/datagovernance.tech\/#\/schema\/logo\/image\/"}}]}},"_links":{"self":[{"href":"https:\/\/datagovernance.tech\/en\/wp-json\/wp\/v2\/pages\/3263","targetHints":{"allow":["GET"]}}],"collection":[{"href":"https:\/\/datagovernance.tech\/en\/wp-json\/wp\/v2\/pages"}],"about":[{"href":"https:\/\/datagovernance.tech\/en\/wp-json\/wp\/v2\/types\/page"}],"author":[{"embeddable":true,"href":"https:\/\/datagovernance.tech\/en\/wp-json\/wp\/v2\/users\/1"}],"replies":[{"embeddable":true,"href":"https:\/\/datagovernance.tech\/en\/wp-json\/wp\/v2\/comments?post=3263"}],"version-history":[{"count":2,"href":"https:\/\/datagovernance.tech\/en\/wp-json\/wp\/v2\/pages\/3263\/revisions"}],"predecessor-version":[{"id":3265,"href":"https:\/\/datagovernance.tech\/en\/wp-json\/wp\/v2\/pages\/3263\/revisions\/3265"}],"wp:attachment":[{"href":"https:\/\/datagovernance.tech\/en\/wp-json\/wp\/v2\/media?parent=3263"}],"curies":[{"name":"wp","href":"https:\/\/api.w.org\/{rel}","templated":true}]}}